{"id":2,"date":"2010-12-13T17:28:14","date_gmt":"2010-12-13T17:28:14","guid":{"rendered":"http:\/\/florenove.com\/\/\/?page_id=2"},"modified":"2013-02-17T17:51:38","modified_gmt":"2013-02-17T17:51:38","slug":"about","status":"publish","type":"page","link":"http:\/\/florenove.com\/","title":{"rendered":"Qui suis-je ?"},"content":{"rendered":"<p style=\"text-align: justify;\"><a href=\"http:\/\/florenove.com\/wp-content\/uploads\/2010\/12\/Florence.png\"><img loading=\"lazy\" class=\"alignleft size-full wp-image-108\" title=\"Florence\" alt=\"\" src=\"http:\/\/florenove.com\/wp-content\/uploads\/2010\/12\/Florence.png\" width=\"50\" height=\"50\" \/><\/a><\/p>\n<p style=\"text-align: justify;\">Bonjour,<\/p>\n<p style=\"text-align: justify;\">Je m&rsquo;appelle Florence,<\/p>\n<p style=\"text-align: justify;\">Relooker des meubles, leur donner une nouvelle vie est avant tout une passion qui me suit depuis des ann\u00e9es. Native de la r\u00e9gion de l\u2019H\u00e9rault, j\u2019ai fait de cette passion mon m\u00e9tier. Je vous invite \u00e0 d\u00e9couvrir au travers de ce site quelques exemples de mon savoir-faire. Pour ceux qui sont de la r\u00e9gion, je vous accueillerai avec plaisir dans mon magasin-atelier qui se trouve 6 rue de l&rsquo;Eglise \u00e0 Sussargues (34160)<\/p>\n<p style=\"text-align: justify;\"><a href=\"http:\/\/florenove.com\/wp-content\/uploads\/2013\/02\/P1080004.jpg\"><img loading=\"lazy\" class=\"alignnone wp-image-434 size-medium\" alt=\"\" src=\"http:\/\/florenove.com\/wp-content\/uploads\/2013\/02\/P1080004-300x225.jpg\" width=\"300\" height=\"225\" srcset=\"http:\/\/florenove.com\/wp-content\/uploads\/2013\/02\/P1080004-300x225.jpg 300w, http:\/\/florenove.com\/wp-content\/uploads\/2013\/02\/P1080004-1024x768.jpg 1024w, http:\/\/florenove.com\/wp-content\/uploads\/2013\/02\/P1080004-160x120.jpg 160w\" sizes=\"(max-width: 300px) 100vw, 300px\" \/><\/a><a href=\"http:\/\/florenove.com\/wp-content\/uploads\/2013\/02\/P1080002.jpg\"><img loading=\"lazy\" class=\"alignnone wp-image-433 size-medium\" alt=\"\" src=\"http:\/\/florenove.com\/wp-content\/uploads\/2013\/02\/P1080002-300x225.jpg\" width=\"300\" height=\"225\" srcset=\"http:\/\/florenove.com\/wp-content\/uploads\/2013\/02\/P1080002-300x225.jpg 300w, http:\/\/florenove.com\/wp-content\/uploads\/2013\/02\/P1080002-1024x768.jpg 1024w, http:\/\/florenove.com\/wp-content\/uploads\/2013\/02\/P1080002-160x120.jpg 160w\" sizes=\"(max-width: 300px) 100vw, 300px\" \/><\/a><\/p>\n","protected":false},"excerpt":{"rendered":"<p>Bonjour, Je m&rsquo;appelle Florence, Relooker des meubles, leur donner une nouvelle vie est avant tout une passion qui me suit depuis des ann\u00e9es. Native de la r\u00e9gion de l\u2019H\u00e9rault, j\u2019ai fait de cette passion mon m\u00e9tier. Je vous invite \u00e0 d\u00e9couvrir au travers de ce site quelques exemples de mon savoir-faire. Pour ceux qui sont [&hellip;]<\/p>\n","protected":false},"author":1,"featured_media":0,"parent":0,"menu_order":1,"comment_status":"closed","ping_status":"closed","template":"","meta":[],"_links":{"self":[{"href":"http:\/\/florenove.com\/index.php?rest_route=\/wp\/v2\/pages\/2"}],"collection":[{"href":"http:\/\/florenove.com\/index.php?rest_route=\/wp\/v2\/pages"}],"about":[{"href":"http:\/\/florenove.com\/index.php?rest_route=\/wp\/v2\/types\/page"}],"author":[{"embeddable":true,"href":"http:\/\/florenove.com\/index.php?rest_route=\/wp\/v2\/users\/1"}],"replies":[{"embeddable":true,"href":"http:\/\/florenove.com\/index.php?rest_route=%2Fwp%2Fv2%2Fcomments&post=2"}],"version-history":[{"count":19,"href":"http:\/\/florenove.com\/index.php?rest_route=\/wp\/v2\/pages\/2\/revisions"}],"predecessor-version":[{"id":10,"href":"http:\/\/florenove.com\/index.php?rest_route=\/wp\/v2\/pages\/2\/revisions\/10"}],"wp:attachment":[{"href":"http:\/\/florenove.com\/index.php?rest_route=%2Fwp%2Fv2%2Fmedia&parent=2"}],"curies":[{"name":"wp","href":"https:\/\/api.w.org\/{rel}","templated":true}]}}