{"id":287,"date":"2012-03-04T14:59:54","date_gmt":"2012-03-04T14:59:54","guid":{"rendered":"http:\/\/florenove.com\/?page_id=287"},"modified":"2021-07-06T07:47:43","modified_gmt":"2021-07-06T07:47:43","slug":"galerie","status":"publish","type":"page","link":"http:\/\/florenove.com\/?page_id=287","title":{"rendered":"Avant\/Apr\u00e8s"},"content":{"rendered":"\t\t\t\t\t<div class=\"gallery_box_single\">\n\t\t\t\t\t\t<p class=\"not_found\">D\u00e9sol\u00e9, rien n&rsquo;a \u00e9t\u00e9 trouv\u00e9.<\/p>\n\t\t\t\t\t<\/div><!-- .gallery_box_single -->\n\t\t\t\t\n\n\n<figure class=\"wp-block-image\"><img loading=\"lazy\" width=\"1024\" height=\"614\" src=\"http:\/\/florenove.com\/wp-content\/uploads\/2021\/07\/20170315_093513-1024x614.jpg\" alt=\"\" class=\"wp-image-525\" srcset=\"http:\/\/florenove.com\/wp-content\/uploads\/2021\/07\/20170315_093513-1024x614.jpg 1024w, http:\/\/florenove.com\/wp-content\/uploads\/2021\/07\/20170315_093513-300x180.jpg 300w, http:\/\/florenove.com\/wp-content\/uploads\/2021\/07\/20170315_093513-768x461.jpg 768w, http:\/\/florenove.com\/wp-content\/uploads\/2021\/07\/20170315_093513-994x596.jpg 994w\" sizes=\"(max-width: 1024px) 100vw, 1024px\" \/><\/figure>\n\n\n\n<figure class=\"wp-block-image\"><img loading=\"lazy\" width=\"1024\" height=\"614\" src=\"http:\/\/florenove.com\/wp-content\/uploads\/2021\/07\/20170321_161201-1024x614.jpg\" alt=\"\" class=\"wp-image-527\" srcset=\"http:\/\/florenove.com\/wp-content\/uploads\/2021\/07\/20170321_161201-1024x614.jpg 1024w, http:\/\/florenove.com\/wp-content\/uploads\/2021\/07\/20170321_161201-300x180.jpg 300w, http:\/\/florenove.com\/wp-content\/uploads\/2021\/07\/20170321_161201-768x461.jpg 768w, http:\/\/florenove.com\/wp-content\/uploads\/2021\/07\/20170321_161201-994x596.jpg 994w\" sizes=\"(max-width: 1024px) 100vw, 1024px\" \/><\/figure>\n\n\n\n<figure class=\"wp-block-image\"><img loading=\"lazy\" width=\"1024\" height=\"768\" src=\"http:\/\/florenove.com\/wp-content\/uploads\/2021\/07\/IMG_20130530_093544-1024x768.jpg\" alt=\"\" class=\"wp-image-529\" srcset=\"http:\/\/florenove.com\/wp-content\/uploads\/2021\/07\/IMG_20130530_093544-1024x768.jpg 1024w, http:\/\/florenove.com\/wp-content\/uploads\/2021\/07\/IMG_20130530_093544-300x225.jpg 300w, http:\/\/florenove.com\/wp-content\/uploads\/2021\/07\/IMG_20130530_093544-768x576.jpg 768w, http:\/\/florenove.com\/wp-content\/uploads\/2021\/07\/IMG_20130530_093544-994x746.jpg 994w\" sizes=\"(max-width: 1024px) 100vw, 1024px\" \/><\/figure>\n\n\n\n<figure class=\"wp-block-image\"><img loading=\"lazy\" width=\"1024\" height=\"768\" src=\"http:\/\/florenove.com\/wp-content\/uploads\/2021\/07\/IMG_20130617_104211-1024x768.jpg\" alt=\"\" class=\"wp-image-531\" srcset=\"http:\/\/florenove.com\/wp-content\/uploads\/2021\/07\/IMG_20130617_104211-1024x768.jpg 1024w, http:\/\/florenove.com\/wp-content\/uploads\/2021\/07\/IMG_20130617_104211-300x225.jpg 300w, http:\/\/florenove.com\/wp-content\/uploads\/2021\/07\/IMG_20130617_104211-768x576.jpg 768w, http:\/\/florenove.com\/wp-content\/uploads\/2021\/07\/IMG_20130617_104211-994x746.jpg 994w\" sizes=\"(max-width: 1024px) 100vw, 1024px\" \/><\/figure>\n\n\n\n<figure class=\"wp-block-image\"><img loading=\"lazy\" width=\"768\" height=\"1024\" src=\"http:\/\/florenove.com\/wp-content\/uploads\/2021\/07\/IMG_20191008_154152-768x1024.jpg\" alt=\"\" class=\"wp-image-533\" srcset=\"http:\/\/florenove.com\/wp-content\/uploads\/2021\/07\/IMG_20191008_154152-768x1024.jpg 768w, http:\/\/florenove.com\/wp-content\/uploads\/2021\/07\/IMG_20191008_154152-225x300.jpg 225w, http:\/\/florenove.com\/wp-content\/uploads\/2021\/07\/IMG_20191008_154152-971x1294.jpg 971w\" sizes=\"(max-width: 768px) 100vw, 768px\" \/><\/figure>\n\n\n\n<figure class=\"wp-block-image\"><img loading=\"lazy\" width=\"768\" height=\"1024\" src=\"http:\/\/florenove.com\/wp-content\/uploads\/2021\/07\/IMG_20191008_180954-768x1024.jpg\" alt=\"\" class=\"wp-image-535\" srcset=\"http:\/\/florenove.com\/wp-content\/uploads\/2021\/07\/IMG_20191008_180954-768x1024.jpg 768w, http:\/\/florenove.com\/wp-content\/uploads\/2021\/07\/IMG_20191008_180954-225x300.jpg 225w, http:\/\/florenove.com\/wp-content\/uploads\/2021\/07\/IMG_20191008_180954-971x1294.jpg 971w\" sizes=\"(max-width: 768px) 100vw, 768px\" \/><\/figure>\n\n\n\n<figure class=\"wp-block-image\"><img loading=\"lazy\" width=\"768\" height=\"1024\" src=\"http:\/\/florenove.com\/wp-content\/uploads\/2021\/07\/IMG_20210427_111816-768x1024.jpg\" alt=\"\" class=\"wp-image-537\" srcset=\"http:\/\/florenove.com\/wp-content\/uploads\/2021\/07\/IMG_20210427_111816-768x1024.jpg 768w, http:\/\/florenove.com\/wp-content\/uploads\/2021\/07\/IMG_20210427_111816-225x300.jpg 225w, http:\/\/florenove.com\/wp-content\/uploads\/2021\/07\/IMG_20210427_111816-971x1294.jpg 971w\" sizes=\"(max-width: 768px) 100vw, 768px\" \/><\/figure>\n\n\n\n<figure class=\"wp-block-image\"><img loading=\"lazy\" width=\"768\" height=\"1024\" src=\"http:\/\/florenove.com\/wp-content\/uploads\/2021\/07\/IMG_20210427_190342-768x1024.jpg\" alt=\"\" class=\"wp-image-539\" srcset=\"http:\/\/florenove.com\/wp-content\/uploads\/2021\/07\/IMG_20210427_190342-768x1024.jpg 768w, http:\/\/florenove.com\/wp-content\/uploads\/2021\/07\/IMG_20210427_190342-225x300.jpg 225w, http:\/\/florenove.com\/wp-content\/uploads\/2021\/07\/IMG_20210427_190342-971x1294.jpg 971w\" sizes=\"(max-width: 768px) 100vw, 768px\" \/><\/figure>\n\n\n\n<figure class=\"wp-block-image\"><img loading=\"lazy\" width=\"1024\" height=\"768\" src=\"http:\/\/florenove.com\/wp-content\/uploads\/2021\/07\/IMG_20210518_140109-1024x768.jpg\" alt=\"\" class=\"wp-image-541\" srcset=\"http:\/\/florenove.com\/wp-content\/uploads\/2021\/07\/IMG_20210518_140109-1024x768.jpg 1024w, http:\/\/florenove.com\/wp-content\/uploads\/2021\/07\/IMG_20210518_140109-300x225.jpg 300w, http:\/\/florenove.com\/wp-content\/uploads\/2021\/07\/IMG_20210518_140109-768x576.jpg 768w, http:\/\/florenove.com\/wp-content\/uploads\/2021\/07\/IMG_20210518_140109-994x746.jpg 994w\" sizes=\"(max-width: 1024px) 100vw, 1024px\" \/><\/figure>\n\n\n\n<figure class=\"wp-block-image\"><img loading=\"lazy\" width=\"1024\" height=\"768\" src=\"http:\/\/florenove.com\/wp-content\/uploads\/2021\/07\/IMG_20210518_151517-1024x768.jpg\" alt=\"\" class=\"wp-image-543\" srcset=\"http:\/\/florenove.com\/wp-content\/uploads\/2021\/07\/IMG_20210518_151517-1024x768.jpg 1024w, http:\/\/florenove.com\/wp-content\/uploads\/2021\/07\/IMG_20210518_151517-300x225.jpg 300w, http:\/\/florenove.com\/wp-content\/uploads\/2021\/07\/IMG_20210518_151517-768x576.jpg 768w, http:\/\/florenove.com\/wp-content\/uploads\/2021\/07\/IMG_20210518_151517-994x746.jpg 994w\" sizes=\"(max-width: 1024px) 100vw, 1024px\" \/><\/figure>\n\n\n\n<figure class=\"wp-block-image\"><img loading=\"lazy\" width=\"768\" height=\"1024\" src=\"http:\/\/florenove.com\/wp-content\/uploads\/2021\/07\/IMG_20210531_142112-768x1024.jpg\" alt=\"\" class=\"wp-image-545\" srcset=\"http:\/\/florenove.com\/wp-content\/uploads\/2021\/07\/IMG_20210531_142112-768x1024.jpg 768w, http:\/\/florenove.com\/wp-content\/uploads\/2021\/07\/IMG_20210531_142112-225x300.jpg 225w, http:\/\/florenove.com\/wp-content\/uploads\/2021\/07\/IMG_20210531_142112-971x1294.jpg 971w\" sizes=\"(max-width: 768px) 100vw, 768px\" \/><\/figure>\n\n\n\n<figure class=\"wp-block-image\"><img loading=\"lazy\" width=\"768\" height=\"1024\" src=\"http:\/\/florenove.com\/wp-content\/uploads\/2021\/07\/IMG_20210602_112649-768x1024.jpg\" alt=\"\" class=\"wp-image-546\" srcset=\"http:\/\/florenove.com\/wp-content\/uploads\/2021\/07\/IMG_20210602_112649-768x1024.jpg 768w, http:\/\/florenove.com\/wp-content\/uploads\/2021\/07\/IMG_20210602_112649-225x300.jpg 225w, http:\/\/florenove.com\/wp-content\/uploads\/2021\/07\/IMG_20210602_112649-971x1294.jpg 971w\" sizes=\"(max-width: 768px) 100vw, 768px\" \/><\/figure>\n\n\n\n<figure class=\"wp-block-image\"><img loading=\"lazy\" width=\"768\" height=\"1024\" src=\"http:\/\/florenove.com\/wp-content\/uploads\/2021\/07\/IMG_20210609_101356-768x1024.jpg\" alt=\"\" class=\"wp-image-548\" srcset=\"http:\/\/florenove.com\/wp-content\/uploads\/2021\/07\/IMG_20210609_101356-768x1024.jpg 768w, http:\/\/florenove.com\/wp-content\/uploads\/2021\/07\/IMG_20210609_101356-225x300.jpg 225w, http:\/\/florenove.com\/wp-content\/uploads\/2021\/07\/IMG_20210609_101356-971x1294.jpg 971w\" sizes=\"(max-width: 768px) 100vw, 768px\" \/><\/figure>\n\n\n\n<figure class=\"wp-block-image\"><img loading=\"lazy\" width=\"768\" height=\"1024\" src=\"http:\/\/florenove.com\/wp-content\/uploads\/2021\/07\/IMG_20210611_184742-768x1024.jpg\" alt=\"\" class=\"wp-image-549\" srcset=\"http:\/\/florenove.com\/wp-content\/uploads\/2021\/07\/IMG_20210611_184742-768x1024.jpg 768w, http:\/\/florenove.com\/wp-content\/uploads\/2021\/07\/IMG_20210611_184742-225x300.jpg 225w, http:\/\/florenove.com\/wp-content\/uploads\/2021\/07\/IMG_20210611_184742-971x1294.jpg 971w\" sizes=\"(max-width: 768px) 100vw, 768px\" \/><\/figure>\n\n\n\n<figure class=\"wp-block-image\"><img loading=\"lazy\" width=\"1024\" height=\"768\" src=\"http:\/\/florenove.com\/wp-content\/uploads\/2021\/07\/P6240090-1024x768.jpg\" alt=\"\" class=\"wp-image-551\" srcset=\"http:\/\/florenove.com\/wp-content\/uploads\/2021\/07\/P6240090-1024x768.jpg 1024w, http:\/\/florenove.com\/wp-content\/uploads\/2021\/07\/P6240090-300x225.jpg 300w, http:\/\/florenove.com\/wp-content\/uploads\/2021\/07\/P6240090-768x576.jpg 768w, http:\/\/florenove.com\/wp-content\/uploads\/2021\/07\/P6240090-994x746.jpg 994w\" sizes=\"(max-width: 1024px) 100vw, 1024px\" \/><figcaption>OLYMPUS DIGITAL CAMERA<\/figcaption><\/figure>\n\n\n\n<figure class=\"wp-block-image\"><img loading=\"lazy\" width=\"768\" height=\"1024\" src=\"http:\/\/florenove.com\/wp-content\/uploads\/2021\/07\/P7050096-768x1024.jpg\" alt=\"\" class=\"wp-image-552\" srcset=\"http:\/\/florenove.com\/wp-content\/uploads\/2021\/07\/P7050096-768x1024.jpg 768w, http:\/\/florenove.com\/wp-content\/uploads\/2021\/07\/P7050096-225x300.jpg 225w, http:\/\/florenove.com\/wp-content\/uploads\/2021\/07\/P7050096-971x1294.jpg 971w\" sizes=\"(max-width: 768px) 100vw, 768px\" \/><figcaption>OLYMPUS DIGITAL CAMERA<\/figcaption><\/figure>\n\n\n\n<figure class=\"wp-block-image\"><img loading=\"lazy\" width=\"1024\" height=\"768\" src=\"http:\/\/florenove.com\/wp-content\/uploads\/2021\/07\/personel-040-1024x768.jpg\" alt=\"\" class=\"wp-image-554\" srcset=\"http:\/\/florenove.com\/wp-content\/uploads\/2021\/07\/personel-040-1024x768.jpg 1024w, http:\/\/florenove.com\/wp-content\/uploads\/2021\/07\/personel-040-300x225.jpg 300w, http:\/\/florenove.com\/wp-content\/uploads\/2021\/07\/personel-040-768x576.jpg 768w, http:\/\/florenove.com\/wp-content\/uploads\/2021\/07\/personel-040-994x746.jpg 994w\" sizes=\"(max-width: 1024px) 100vw, 1024px\" \/><\/figure>\n\n\n\n<figure class=\"wp-block-image\"><img loading=\"lazy\" width=\"1024\" height=\"768\" src=\"http:\/\/florenove.com\/wp-content\/uploads\/2021\/07\/personel-084-1024x768.jpg\" alt=\"\" class=\"wp-image-555\" srcset=\"http:\/\/florenove.com\/wp-content\/uploads\/2021\/07\/personel-084-1024x768.jpg 1024w, http:\/\/florenove.com\/wp-content\/uploads\/2021\/07\/personel-084-300x225.jpg 300w, http:\/\/florenove.com\/wp-content\/uploads\/2021\/07\/personel-084-768x576.jpg 768w, http:\/\/florenove.com\/wp-content\/uploads\/2021\/07\/personel-084-994x746.jpg 994w\" sizes=\"(max-width: 1024px) 100vw, 1024px\" \/><\/figure>\n\n\n\n<figure class=\"wp-block-image\"><img loading=\"lazy\" width=\"1024\" height=\"768\" src=\"http:\/\/florenove.com\/wp-content\/uploads\/2021\/07\/personel-096-1024x768.jpg\" alt=\"\" class=\"wp-image-556\" srcset=\"http:\/\/florenove.com\/wp-content\/uploads\/2021\/07\/personel-096-1024x768.jpg 1024w, http:\/\/florenove.com\/wp-content\/uploads\/2021\/07\/personel-096-300x225.jpg 300w, http:\/\/florenove.com\/wp-content\/uploads\/2021\/07\/personel-096-768x576.jpg 768w, http:\/\/florenove.com\/wp-content\/uploads\/2021\/07\/personel-096-994x746.jpg 994w\" sizes=\"(max-width: 1024px) 100vw, 1024px\" \/><\/figure>\n\n\n\n<figure class=\"wp-block-image\"><img loading=\"lazy\" width=\"1024\" height=\"768\" src=\"http:\/\/florenove.com\/wp-content\/uploads\/2021\/07\/personel-549-1024x768.jpg\" alt=\"\" class=\"wp-image-557\" srcset=\"http:\/\/florenove.com\/wp-content\/uploads\/2021\/07\/personel-549-1024x768.jpg 1024w, http:\/\/florenove.com\/wp-content\/uploads\/2021\/07\/personel-549-300x225.jpg 300w, http:\/\/florenove.com\/wp-content\/uploads\/2021\/07\/personel-549-768x576.jpg 768w, http:\/\/florenove.com\/wp-content\/uploads\/2021\/07\/personel-549-994x746.jpg 994w\" sizes=\"(max-width: 1024px) 100vw, 1024px\" \/><\/figure>\n","protected":false},"excerpt":{"rendered":"","protected":false},"author":1,"featured_media":0,"parent":0,"menu_order":0,"comment_status":"closed","ping_status":"open","template":"one_column_page.php","meta":[],"_links":{"self":[{"href":"http:\/\/florenove.com\/index.php?rest_route=\/wp\/v2\/pages\/287"}],"collection":[{"href":"http:\/\/florenove.com\/index.php?rest_route=\/wp\/v2\/pages"}],"about":[{"href":"http:\/\/florenove.com\/index.php?rest_route=\/wp\/v2\/types\/page"}],"author":[{"embeddable":true,"href":"http:\/\/florenove.com\/index.php?rest_route=\/wp\/v2\/users\/1"}],"replies":[{"embeddable":true,"href":"http:\/\/florenove.com\/index.php?rest_route=%2Fwp%2Fv2%2Fcomments&post=287"}],"version-history":[{"count":33,"href":"http:\/\/florenove.com\/index.php?rest_route=\/wp\/v2\/pages\/287\/revisions"}],"predecessor-version":[{"id":558,"href":"http:\/\/florenove.com\/index.php?rest_route=\/wp\/v2\/pages\/287\/revisions\/558"}],"wp:attachment":[{"href":"http:\/\/florenove.com\/index.php?rest_route=%2Fwp%2Fv2%2Fmedia&parent=287"}],"curies":[{"name":"wp","href":"https:\/\/api.w.org\/{rel}","templated":true}]}}